{"id":659,"date":"2025-03-01T11:32:53","date_gmt":"2025-03-01T10:32:53","guid":{"rendered":"https:\/\/porfolio.jrey.eu\/?page_id=659"},"modified":"2025-03-01T11:32:53","modified_gmt":"2025-03-01T10:32:53","slug":"gpo-2","status":"publish","type":"page","link":"https:\/\/porfolio.jrey.eu\/index.php\/gpo-2\/","title":{"rendered":"GPO"},"content":{"rendered":"\n<p>Dans le cadre de mon apprentissage en entreprise et en formation, j\u2019ai \u00e9t\u00e9 amen\u00e9 \u00e0 travailler sur la gestion des strat\u00e9gies de groupe (GPO) sous Windows Server afin d\u2019optimiser l\u2019administration et l\u2019automatisation des postes de travail au sein d\u2019un environnement Active Directory. Ces configurations ont permis d\u2019am\u00e9liorer l\u2019exp\u00e9rience utilisateur, de renforcer la s\u00e9curit\u00e9 et de faciliter la gestion du parc informatique.<\/p>\n\n\n\n<p>J\u2019ai notamment mis en place les strat\u00e9gies suivantes :<\/p>\n\n\n\n<ul class=\"wp-block-list\">\n<li><strong>Montage automatique de lecteurs r\u00e9seau<\/strong>\u00a0: attribution dynamique des lecteurs en fonction des groupes Active Directory, facilitant l\u2019acc\u00e8s aux ressources partag\u00e9es.<\/li>\n\n\n\n<li><strong>D\u00e9ploiement de fonds d\u2019\u00e9cran<\/strong>\u00a0: application centralis\u00e9e d\u2019un fond d\u2019\u00e9cran<\/li>\n\n\n\n<li><strong>Ajout de raccourcis clavier et de liens sur le bureau<\/strong>\u00a0: am\u00e9lioration de la productivit\u00e9 en mettant \u00e0 disposition des raccourcis vers les applications et outils essentiels(ex: GLPI).<\/li>\n\n\n\n<li><strong>D\u00e9ploiement et configuration de FusionInventory<\/strong>\u00a0: automatisation de l\u2019inventaire mat\u00e9riel et logiciel des machines connect\u00e9es au r\u00e9seau, facilitant la gestion et la maintenance du parc informatique.<\/li>\n\n\n\n<li><strong>Application de restrictions et de configurations sp\u00e9cifiques<\/strong>\u00a0: gestion des permissions, verrouillage de certaines fonctionnalit\u00e9s et renforcement de la s\u00e9curit\u00e9 des postes de travail(ex: Mise en veille apr\u00e8s\u00a0<strong>7 minutes et 30 secondes<\/strong>\u00a0d\u2019inactivit\u00e9.).<\/li>\n<\/ul>\n\n\n\n<p>Gr\u00e2ce \u00e0 ces mises en place, j\u2019ai pu d\u00e9velopper une expertise pratique dans l\u2019administration des strat\u00e9gies de groupe, en veillant \u00e0 optimiser leur impact tout en minimisant les contraintes pour les utilisateurs.<\/p>\n\n\n\n<p><object data=\"https:\/\/porfolio.jrey.eu\/wp-content\/uploads\/2025\/02\/GPO-monter-un-lecteur-reseau.pdf\" type=\"application\/pdf\"><\/object><a href=\"https:\/\/porfolio.jrey.eu\/wp-content\/uploads\/2025\/02\/GPO-monter-un-lecteur-reseau.pdf\">GPO-monter-un-lecteur-reseau<\/a><a href=\"https:\/\/porfolio.jrey.eu\/wp-content\/uploads\/2025\/02\/GPO-monter-un-lecteur-reseau.pdf\">T\u00e9l\u00e9charger<\/a><\/p>\n\n\n\n<p><object data=\"https:\/\/porfolio.jrey.eu\/wp-content\/uploads\/2025\/02\/GPO-fond-ecran-1.pdf\" type=\"application\/pdf\"><\/object><a href=\"https:\/\/porfolio.jrey.eu\/wp-content\/uploads\/2025\/02\/GPO-fond-ecran-1.pdf\">GPO-fond-ecran-1<\/a><a href=\"https:\/\/porfolio.jrey.eu\/wp-content\/uploads\/2025\/02\/GPO-fond-ecran-1.pdf\">T\u00e9l\u00e9charger<\/a><\/p>\n","protected":false},"excerpt":{"rendered":"<p>Dans le cadre de mon apprentissage en entreprise et en formation, j\u2019ai \u00e9t\u00e9 amen\u00e9 \u00e0 travailler sur la gestion des [&hellip;]<\/p>\n","protected":false},"author":1,"featured_media":0,"parent":0,"menu_order":0,"comment_status":"closed","ping_status":"closed","template":"","meta":{"site-sidebar-layout":"default","site-content-layout":"","ast-site-content-layout":"","site-content-style":"default","site-sidebar-style":"default","ast-global-header-display":"","ast-banner-title-visibility":"","ast-main-header-display":"","ast-hfb-above-header-display":"","ast-hfb-below-header-display":"","ast-hfb-mobile-header-display":"","site-post-title":"","ast-breadcrumbs-content":"","ast-featured-img":"","footer-sml-layout":"","theme-transparent-header-meta":"","adv-header-id-meta":"","stick-header-meta":"","header-above-stick-meta":"","header-main-stick-meta":"","header-below-stick-meta":"","astra-migrate-meta-layouts":"default","ast-page-background-enabled":"default","ast-page-background-meta":{"desktop":{"background-color":"var(--ast-global-color-4)","background-image":"","background-repeat":"repeat","background-position":"center center","background-size":"auto","background-attachment":"scroll","background-type":"","background-media":"","overlay-type":"","overlay-color":"","overlay-gradient":""},"tablet":{"background-color":"","background-image":"","background-repeat":"repeat","background-position":"center center","background-size":"auto","background-attachment":"scroll","background-type":"","background-media":"","overlay-type":"","overlay-color":"","overlay-gradient":""},"mobile":{"background-color":"","background-image":"","background-repeat":"repeat","background-position":"center center","background-size":"auto","background-attachment":"scroll","background-type":"","background-media":"","overlay-type":"","overlay-color":"","overlay-gradient":""}},"ast-content-background-meta":{"desktop":{"background-color":"var(--ast-global-color-5)","background-image":"","background-repeat":"repeat","background-position":"center center","background-size":"auto","background-attachment":"scroll","background-type":"","background-media":"","overlay-type":"","overlay-color":"","overlay-gradient":""},"tablet":{"background-color":"var(--ast-global-color-5)","background-image":"","background-repeat":"repeat","background-position":"center center","background-size":"auto","background-attachment":"scroll","background-type":"","background-media":"","overlay-type":"","overlay-color":"","overlay-gradient":""},"mobile":{"background-color":"var(--ast-global-color-5)","background-image":"","background-repeat":"repeat","background-position":"center center","background-size":"auto","background-attachment":"scroll","background-type":"","background-media":"","overlay-type":"","overlay-color":"","overlay-gradient":""}},"footnotes":""},"class_list":["post-659","page","type-page","status-publish","hentry"],"_links":{"self":[{"href":"https:\/\/porfolio.jrey.eu\/index.php\/wp-json\/wp\/v2\/pages\/659","targetHints":{"allow":["GET"]}}],"collection":[{"href":"https:\/\/porfolio.jrey.eu\/index.php\/wp-json\/wp\/v2\/pages"}],"about":[{"href":"https:\/\/porfolio.jrey.eu\/index.php\/wp-json\/wp\/v2\/types\/page"}],"author":[{"embeddable":true,"href":"https:\/\/porfolio.jrey.eu\/index.php\/wp-json\/wp\/v2\/users\/1"}],"replies":[{"embeddable":true,"href":"https:\/\/porfolio.jrey.eu\/index.php\/wp-json\/wp\/v2\/comments?post=659"}],"version-history":[{"count":1,"href":"https:\/\/porfolio.jrey.eu\/index.php\/wp-json\/wp\/v2\/pages\/659\/revisions"}],"predecessor-version":[{"id":660,"href":"https:\/\/porfolio.jrey.eu\/index.php\/wp-json\/wp\/v2\/pages\/659\/revisions\/660"}],"wp:attachment":[{"href":"https:\/\/porfolio.jrey.eu\/index.php\/wp-json\/wp\/v2\/media?parent=659"}],"curies":[{"name":"wp","href":"https:\/\/api.w.org\/{rel}","templated":true}]}}