{"id":656,"date":"2025-03-01T11:32:07","date_gmt":"2025-03-01T10:32:07","guid":{"rendered":"https:\/\/porfolio.jrey.eu\/?page_id=656"},"modified":"2025-03-01T11:32:07","modified_gmt":"2025-03-01T10:32:07","slug":"srv-lamp","status":"publish","type":"page","link":"https:\/\/porfolio.jrey.eu\/index.php\/srv-lamp\/","title":{"rendered":"SRV-LAMP"},"content":{"rendered":"\n<p>Dans le cadre de mes projets personnels, j\u2019ai d\u00e9ploy\u00e9 un serveur LAMP (Linux, Apache, MySQL, PHP) sur mon infrastructure locale afin de mieux comprendre son fonctionnement et son administration. Ce projet m\u2019a permis d\u2019explorer l\u2019installation et la configuration d\u2019un environnement web sous Linux, en g\u00e9rant \u00e0 la fois le serveur HTTP, la base de donn\u00e9es et le moteur PHP. Bien que cet environnement ne soit pas syst\u00e9matiquement utilis\u00e9 dans mon cadre d\u2019apprentissage ou en entreprise, cette initiative m\u2019a apport\u00e9 une exp\u00e9rience pratique en h\u00e9bergement et administration de services web sous Linux.<\/p>\n\n\n\n<p>J\u2019ai \u00e9galement r\u00e9dig\u00e9 un document d\u00e9taillant l\u2019installation et la configuration du serveur LAMP, disponible pour ceux souhaitant suivre les \u00e9tapes de mise en place.<\/p>\n\n\n\n<p><object data=\"https:\/\/porfolio.jrey.eu\/wp-content\/uploads\/2025\/02\/LAMP.pdf\" type=\"application\/pdf\"><\/object><a href=\"https:\/\/porfolio.jrey.eu\/wp-content\/uploads\/2025\/02\/LAMP.pdf\">LAMP<\/a><a href=\"https:\/\/porfolio.jrey.eu\/wp-content\/uploads\/2025\/02\/LAMP.pdf\">T\u00e9l\u00e9charger<\/a><\/p>\n","protected":false},"excerpt":{"rendered":"<p>Dans le cadre de mes projets personnels, j\u2019ai d\u00e9ploy\u00e9 un serveur LAMP (Linux, Apache, MySQL, PHP) sur mon infrastructure locale [&hellip;]<\/p>\n","protected":false},"author":1,"featured_media":0,"parent":0,"menu_order":0,"comment_status":"closed","ping_status":"closed","template":"","meta":{"site-sidebar-layout":"default","site-content-layout":"","ast-site-content-layout":"","site-content-style":"default","site-sidebar-style":"default","ast-global-header-display":"","ast-banner-title-visibility":"","ast-main-header-display":"","ast-hfb-above-header-display":"","ast-hfb-below-header-display":"","ast-hfb-mobile-header-display":"","site-post-title":"","ast-breadcrumbs-content":"","ast-featured-img":"","footer-sml-layout":"","theme-transparent-header-meta":"","adv-header-id-meta":"","stick-header-meta":"","header-above-stick-meta":"","header-main-stick-meta":"","header-below-stick-meta":"","astra-migrate-meta-layouts":"default","ast-page-background-enabled":"default","ast-page-background-meta":{"desktop":{"background-color":"var(--ast-global-color-4)","background-image":"","background-repeat":"repeat","background-position":"center center","background-size":"auto","background-attachment":"scroll","background-type":"","background-media":"","overlay-type":"","overlay-color":"","overlay-gradient":""},"tablet":{"background-color":"","background-image":"","background-repeat":"repeat","background-position":"center center","background-size":"auto","background-attachment":"scroll","background-type":"","background-media":"","overlay-type":"","overlay-color":"","overlay-gradient":""},"mobile":{"background-color":"","background-image":"","background-repeat":"repeat","background-position":"center center","background-size":"auto","background-attachment":"scroll","background-type":"","background-media":"","overlay-type":"","overlay-color":"","overlay-gradient":""}},"ast-content-background-meta":{"desktop":{"background-color":"var(--ast-global-color-5)","background-image":"","background-repeat":"repeat","background-position":"center center","background-size":"auto","background-attachment":"scroll","background-type":"","background-media":"","overlay-type":"","overlay-color":"","overlay-gradient":""},"tablet":{"background-color":"var(--ast-global-color-5)","background-image":"","background-repeat":"repeat","background-position":"center center","background-size":"auto","background-attachment":"scroll","background-type":"","background-media":"","overlay-type":"","overlay-color":"","overlay-gradient":""},"mobile":{"background-color":"var(--ast-global-color-5)","background-image":"","background-repeat":"repeat","background-position":"center center","background-size":"auto","background-attachment":"scroll","background-type":"","background-media":"","overlay-type":"","overlay-color":"","overlay-gradient":""}},"footnotes":""},"class_list":["post-656","page","type-page","status-publish","hentry"],"_links":{"self":[{"href":"https:\/\/porfolio.jrey.eu\/index.php\/wp-json\/wp\/v2\/pages\/656","targetHints":{"allow":["GET"]}}],"collection":[{"href":"https:\/\/porfolio.jrey.eu\/index.php\/wp-json\/wp\/v2\/pages"}],"about":[{"href":"https:\/\/porfolio.jrey.eu\/index.php\/wp-json\/wp\/v2\/types\/page"}],"author":[{"embeddable":true,"href":"https:\/\/porfolio.jrey.eu\/index.php\/wp-json\/wp\/v2\/users\/1"}],"replies":[{"embeddable":true,"href":"https:\/\/porfolio.jrey.eu\/index.php\/wp-json\/wp\/v2\/comments?post=656"}],"version-history":[{"count":1,"href":"https:\/\/porfolio.jrey.eu\/index.php\/wp-json\/wp\/v2\/pages\/656\/revisions"}],"predecessor-version":[{"id":657,"href":"https:\/\/porfolio.jrey.eu\/index.php\/wp-json\/wp\/v2\/pages\/656\/revisions\/657"}],"wp:attachment":[{"href":"https:\/\/porfolio.jrey.eu\/index.php\/wp-json\/wp\/v2\/media?parent=656"}],"curies":[{"name":"wp","href":"https:\/\/api.w.org\/{rel}","templated":true}]}}