{"id":652,"date":"2025-03-01T11:31:09","date_gmt":"2025-03-01T10:31:09","guid":{"rendered":"https:\/\/porfolio.jrey.eu\/?page_id=652"},"modified":"2025-03-01T11:31:33","modified_gmt":"2025-03-01T10:31:33","slug":"wsus","status":"publish","type":"page","link":"https:\/\/porfolio.jrey.eu\/index.php\/wsus\/","title":{"rendered":"Installation du WSUS"},"content":{"rendered":"\n<p>Dans le cadre de la gestion du r\u00e9seau au sein de la collectivit\u00e9, j\u2019ai install\u00e9 un serveur WSUS (Windows Server Update Services) dans le but de r\u00e9duire la bande passante et de planifier les mises \u00e0 jour entre 18h30 et 20h, juste avant les sauvegardes nocturnes. Ce serveur WSUS a \u00e9t\u00e9 install\u00e9 sur une machine virtuelle (VM) d\u00e9di\u00e9e aux applications, qui est peu utilis\u00e9e par les utilisateurs. La VM dispose de 300 Go de stockage.<\/p>\n\n\n\n<p>Lors de l\u2019installation de WSUS, j\u2019ai s\u00e9lectionn\u00e9 les mises \u00e0 jour disponibles, pour Windows 10, Windows 11, les serveurs 2019, Office, et d\u2019autres. J\u2019ai laiss\u00e9 le serveur t\u00e9l\u00e9charger les mises \u00e0 jour pendant la nuit, en esp\u00e9rant que tout se passerait bien.<\/p>\n\n\n\n<p>Le lendemain matin, en consultant GLPI pour v\u00e9rifier les tickets et les probl\u00e8mes des utilisateurs, j\u2019ai constat\u00e9 que certains avaient des difficult\u00e9s \u00e0 se connecter \u00e0 une application qui se trouvais sur la VM Appli. Apr\u00e8s un certain temps, j\u2019ai pu me connecter \u00e0 la VM, mais celle-ci \u00e9tait extr\u00eamement lente, ce qui m\u2019a amen\u00e9 \u00e0 v\u00e9rifier les ressources syst\u00e8me. En examinant l\u2019espace disque, j\u2019ai d\u00e9couvert que le disque \u00e9tait plein, principalement \u00e0 cause du t\u00e9l\u00e9chargement des mises \u00e0 jour WSUS.<\/p>\n\n\n\n<p>Face \u00e0 ce probl\u00e8me, deux solutions s\u2019offraient \u00e0 moi :<\/p>\n\n\n\n<ol class=\"wp-block-list\">\n<li>Ajouter de l\u2019espace disque sur la VM.<\/li>\n\n\n\n<li>Supprimer le service WSUS.<\/li>\n<\/ol>\n\n\n\n<p>Cependant, comme il n\u2019y avait plus suffisamment de place sur le serveur pour ajouter de l\u2019espace disque, j\u2019ai d\u00fb opter pour la deuxi\u00e8me solution et supprimer le service WSUS pour lib\u00e9rer de l\u2019espace.<\/p>\n\n\n\n<p><object data=\"https:\/\/porfolio.jrey.eu\/wp-content\/uploads\/2025\/02\/WSUS.pdf\" type=\"application\/pdf\"><\/object><a href=\"https:\/\/porfolio.jrey.eu\/wp-content\/uploads\/2025\/02\/WSUS.pdf\">WSUS<\/a><a href=\"https:\/\/porfolio.jrey.eu\/wp-content\/uploads\/2025\/02\/WSUS.pdf\">T\u00e9l\u00e9charger<\/a><\/p>\n","protected":false},"excerpt":{"rendered":"<p>Dans le cadre de la gestion du r\u00e9seau au sein de la collectivit\u00e9, j\u2019ai install\u00e9 un serveur WSUS (Windows Server [&hellip;]<\/p>\n","protected":false},"author":1,"featured_media":0,"parent":0,"menu_order":0,"comment_status":"closed","ping_status":"closed","template":"","meta":{"site-sidebar-layout":"default","site-content-layout":"","ast-site-content-layout":"","site-content-style":"default","site-sidebar-style":"default","ast-global-header-display":"","ast-banner-title-visibility":"","ast-main-header-display":"","ast-hfb-above-header-display":"","ast-hfb-below-header-display":"","ast-hfb-mobile-header-display":"","site-post-title":"","ast-breadcrumbs-content":"","ast-featured-img":"","footer-sml-layout":"","theme-transparent-header-meta":"","adv-header-id-meta":"","stick-header-meta":"","header-above-stick-meta":"","header-main-stick-meta":"","header-below-stick-meta":"","astra-migrate-meta-layouts":"default","ast-page-background-enabled":"default","ast-page-background-meta":{"desktop":{"background-color":"var(--ast-global-color-4)","background-image":"","background-repeat":"repeat","background-position":"center center","background-size":"auto","background-attachment":"scroll","background-type":"","background-media":"","overlay-type":"","overlay-color":"","overlay-gradient":""},"tablet":{"background-color":"","background-image":"","background-repeat":"repeat","background-position":"center center","background-size":"auto","background-attachment":"scroll","background-type":"","background-media":"","overlay-type":"","overlay-color":"","overlay-gradient":""},"mobile":{"background-color":"","background-image":"","background-repeat":"repeat","background-position":"center center","background-size":"auto","background-attachment":"scroll","background-type":"","background-media":"","overlay-type":"","overlay-color":"","overlay-gradient":""}},"ast-content-background-meta":{"desktop":{"background-color":"var(--ast-global-color-5)","background-image":"","background-repeat":"repeat","background-position":"center center","background-size":"auto","background-attachment":"scroll","background-type":"","background-media":"","overlay-type":"","overlay-color":"","overlay-gradient":""},"tablet":{"background-color":"var(--ast-global-color-5)","background-image":"","background-repeat":"repeat","background-position":"center center","background-size":"auto","background-attachment":"scroll","background-type":"","background-media":"","overlay-type":"","overlay-color":"","overlay-gradient":""},"mobile":{"background-color":"var(--ast-global-color-5)","background-image":"","background-repeat":"repeat","background-position":"center center","background-size":"auto","background-attachment":"scroll","background-type":"","background-media":"","overlay-type":"","overlay-color":"","overlay-gradient":""}},"footnotes":""},"class_list":["post-652","page","type-page","status-publish","hentry"],"_links":{"self":[{"href":"https:\/\/porfolio.jrey.eu\/index.php\/wp-json\/wp\/v2\/pages\/652","targetHints":{"allow":["GET"]}}],"collection":[{"href":"https:\/\/porfolio.jrey.eu\/index.php\/wp-json\/wp\/v2\/pages"}],"about":[{"href":"https:\/\/porfolio.jrey.eu\/index.php\/wp-json\/wp\/v2\/types\/page"}],"author":[{"embeddable":true,"href":"https:\/\/porfolio.jrey.eu\/index.php\/wp-json\/wp\/v2\/users\/1"}],"replies":[{"embeddable":true,"href":"https:\/\/porfolio.jrey.eu\/index.php\/wp-json\/wp\/v2\/comments?post=652"}],"version-history":[{"count":2,"href":"https:\/\/porfolio.jrey.eu\/index.php\/wp-json\/wp\/v2\/pages\/652\/revisions"}],"predecessor-version":[{"id":655,"href":"https:\/\/porfolio.jrey.eu\/index.php\/wp-json\/wp\/v2\/pages\/652\/revisions\/655"}],"wp:attachment":[{"href":"https:\/\/porfolio.jrey.eu\/index.php\/wp-json\/wp\/v2\/media?parent=652"}],"curies":[{"name":"wp","href":"https:\/\/api.w.org\/{rel}","templated":true}]}}