{"id":649,"date":"2025-03-01T11:30:13","date_gmt":"2025-03-01T10:30:13","guid":{"rendered":"https:\/\/porfolio.jrey.eu\/?page_id=649"},"modified":"2025-03-01T11:30:13","modified_gmt":"2025-03-01T10:30:13","slug":"iis","status":"publish","type":"page","link":"https:\/\/porfolio.jrey.eu\/index.php\/iis\/","title":{"rendered":"IIS"},"content":{"rendered":"\n<p>Dans le cadre de mes projets personnels, j\u2019ai mis en place un serveur IIS (Internet Information Services) sur mon infrastructure locale afin d\u2019explorer et de ma\u00eetriser son d\u00e9ploiement. Ce projet m\u2019a permis de mieux comprendre la configuration et l\u2019administration d\u2019un serveur web sous Windows, ainsi que la gestion des sites et des applications web dans un environnement contr\u00f4l\u00e9. Bien que IIS ne soit pas syst\u00e9matiquement utilis\u00e9 dans mon environnement d\u2019apprentissage ou en entreprise, cette initiative m\u2019a apport\u00e9 une exp\u00e9rience en h\u00e9bergement web sur Windows.<\/p>\n\n\n\n<p>Pour accompagner ce projet, j\u2019ai \u00e9galement r\u00e9dig\u00e9 un document d\u00e9taillant l\u2019installation et la configuration d\u2019IIS, que vous pouvez consulter pour en savoir plus sur les \u00e9tapes mises en \u0153uvre.<\/p>\n\n\n\n<p><object data=\"https:\/\/porfolio.jrey.eu\/wp-content\/uploads\/2025\/02\/IIS.pdf\" type=\"application\/pdf\"><\/object><a href=\"https:\/\/porfolio.jrey.eu\/wp-content\/uploads\/2025\/02\/IIS.pdf\">IIS<\/a><a href=\"https:\/\/porfolio.jrey.eu\/wp-content\/uploads\/2025\/02\/IIS.pdf\">T\u00e9l\u00e9charger<\/a><\/p>\n","protected":false},"excerpt":{"rendered":"<p>Dans le cadre de mes projets personnels, j\u2019ai mis en place un serveur IIS (Internet Information Services) sur mon infrastructure [&hellip;]<\/p>\n","protected":false},"author":1,"featured_media":0,"parent":0,"menu_order":0,"comment_status":"closed","ping_status":"closed","template":"","meta":{"site-sidebar-layout":"default","site-content-layout":"","ast-site-content-layout":"","site-content-style":"default","site-sidebar-style":"default","ast-global-header-display":"","ast-banner-title-visibility":"","ast-main-header-display":"","ast-hfb-above-header-display":"","ast-hfb-below-header-display":"","ast-hfb-mobile-header-display":"","site-post-title":"","ast-breadcrumbs-content":"","ast-featured-img":"","footer-sml-layout":"","theme-transparent-header-meta":"","adv-header-id-meta":"","stick-header-meta":"","header-above-stick-meta":"","header-main-stick-meta":"","header-below-stick-meta":"","astra-migrate-meta-layouts":"default","ast-page-background-enabled":"default","ast-page-background-meta":{"desktop":{"background-color":"var(--ast-global-color-4)","background-image":"","background-repeat":"repeat","background-position":"center center","background-size":"auto","background-attachment":"scroll","background-type":"","background-media":"","overlay-type":"","overlay-color":"","overlay-gradient":""},"tablet":{"background-color":"","background-image":"","background-repeat":"repeat","background-position":"center center","background-size":"auto","background-attachment":"scroll","background-type":"","background-media":"","overlay-type":"","overlay-color":"","overlay-gradient":""},"mobile":{"background-color":"","background-image":"","background-repeat":"repeat","background-position":"center center","background-size":"auto","background-attachment":"scroll","background-type":"","background-media":"","overlay-type":"","overlay-color":"","overlay-gradient":""}},"ast-content-background-meta":{"desktop":{"background-color":"var(--ast-global-color-5)","background-image":"","background-repeat":"repeat","background-position":"center center","background-size":"auto","background-attachment":"scroll","background-type":"","background-media":"","overlay-type":"","overlay-color":"","overlay-gradient":""},"tablet":{"background-color":"var(--ast-global-color-5)","background-image":"","background-repeat":"repeat","background-position":"center center","background-size":"auto","background-attachment":"scroll","background-type":"","background-media":"","overlay-type":"","overlay-color":"","overlay-gradient":""},"mobile":{"background-color":"var(--ast-global-color-5)","background-image":"","background-repeat":"repeat","background-position":"center center","background-size":"auto","background-attachment":"scroll","background-type":"","background-media":"","overlay-type":"","overlay-color":"","overlay-gradient":""}},"footnotes":""},"class_list":["post-649","page","type-page","status-publish","hentry"],"_links":{"self":[{"href":"https:\/\/porfolio.jrey.eu\/index.php\/wp-json\/wp\/v2\/pages\/649","targetHints":{"allow":["GET"]}}],"collection":[{"href":"https:\/\/porfolio.jrey.eu\/index.php\/wp-json\/wp\/v2\/pages"}],"about":[{"href":"https:\/\/porfolio.jrey.eu\/index.php\/wp-json\/wp\/v2\/types\/page"}],"author":[{"embeddable":true,"href":"https:\/\/porfolio.jrey.eu\/index.php\/wp-json\/wp\/v2\/users\/1"}],"replies":[{"embeddable":true,"href":"https:\/\/porfolio.jrey.eu\/index.php\/wp-json\/wp\/v2\/comments?post=649"}],"version-history":[{"count":1,"href":"https:\/\/porfolio.jrey.eu\/index.php\/wp-json\/wp\/v2\/pages\/649\/revisions"}],"predecessor-version":[{"id":650,"href":"https:\/\/porfolio.jrey.eu\/index.php\/wp-json\/wp\/v2\/pages\/649\/revisions\/650"}],"wp:attachment":[{"href":"https:\/\/porfolio.jrey.eu\/index.php\/wp-json\/wp\/v2\/media?parent=649"}],"curies":[{"name":"wp","href":"https:\/\/api.w.org\/{rel}","templated":true}]}}