{"id":637,"date":"2025-03-01T11:25:33","date_gmt":"2025-03-01T10:25:33","guid":{"rendered":"https:\/\/porfolio.jrey.eu\/?page_id=637"},"modified":"2025-03-01T11:25:33","modified_gmt":"2025-03-01T10:25:33","slug":"mise-en-place-de-glpi","status":"publish","type":"page","link":"https:\/\/porfolio.jrey.eu\/index.php\/mise-en-place-de-glpi\/","title":{"rendered":"Mise en place de GLPI"},"content":{"rendered":"\n<p>Dans le cadre de mon BTS, je dois r\u00e9aliser deux projets. L\u2019un d\u2019eux consiste en la mise en place d\u2019un serveur GLPI sur une machine Debian. J\u2019ai choisi ce projet afin d\u2019approfondir mes comp\u00e9tences sur Linux.<\/p>\n\n\n\n<p>Dans un premier temps, j\u2019ai install\u00e9 le package GLPI sur Debian, puis j\u2019ai configur\u00e9 un certificat SSL afin de s\u00e9curiser l\u2019acc\u00e8s et de passer en HTTPS. Cette \u00e9tape permet d\u2019assurer la confidentialit\u00e9 des \u00e9changes et d\u2019\u00e9viter que les informations circulent en clair sur le r\u00e9seau.<\/p>\n\n\n\n<p>Dans un second temps, j\u2019ai install\u00e9 un plugin permettant d\u2019effectuer un inventaire automatique des machines pr\u00e9sentes sur le r\u00e9seau. Ce module facilite la gestion du parc informatique en recensant les \u00e9quipements et leurs configurations mat\u00e9rielles et logicielles.<\/p>\n\n\n\n<p>Par la suite, j\u2019ai int\u00e9gr\u00e9 GLPI \u00e0 l\u2019Active Directory (AD) via le protocole LDAP. Cette connexion permet aux utilisateurs de s\u2019authentifier directement avec leurs identifiants AD et de soumettre des tickets sans avoir \u00e0 cr\u00e9er un compte sp\u00e9cifique sur GLPI. Cette int\u00e9gration simplifie la gestion des utilisateurs et centralise les acc\u00e8s.<\/p>\n\n\n\n<p>Enfin, j\u2019ai effectu\u00e9 diff\u00e9rents tests afin de m\u2019assurer du bon fonctionnement de l\u2019ensemble des fonctionnalit\u00e9s mises en place :<\/p>\n\n\n\n<ul class=\"wp-block-list\">\n<li>V\u00e9rification de l\u2019acc\u00e8s s\u00e9curis\u00e9 en HTTPS<\/li>\n\n\n\n<li>Tests de l\u2019inventaire automatique des machines<\/li>\n\n\n\n<li>V\u00e9rification de la synchronisation LDAP et de l\u2019authentification des utilisateurs<\/li>\n\n\n\n<li>Cr\u00e9ation et gestion de tickets pour valider le bon fonctionnement du support technique<\/li>\n<\/ul>\n\n\n\n<p>Gr\u00e2ce \u00e0 ce projet, j\u2019ai pu approfondir mes comp\u00e9tences en administration Linux, en gestion de serveurs et en interconnexion avec un annuaire LDAP. Cette exp\u00e9rience m\u2019a permis de mieux comprendre le fonctionnement d\u2019un outil de gestion de parc informatique et d\u2019assistance aux utilisateurs.<\/p>\n\n\n\n<p><object data=\"https:\/\/porfolio.jrey.eu\/wp-content\/uploads\/2025\/02\/glpi.pdf\" type=\"application\/pdf\"><\/object><a href=\"https:\/\/porfolio.jrey.eu\/wp-content\/uploads\/2025\/02\/glpi.pdf\">glpi<\/a><a href=\"https:\/\/porfolio.jrey.eu\/wp-content\/uploads\/2025\/02\/glpi.pdf\">T\u00e9l\u00e9charger<\/a><\/p>\n","protected":false},"excerpt":{"rendered":"<p>Dans le cadre de mon BTS, je dois r\u00e9aliser deux projets. L\u2019un d\u2019eux consiste en la mise en place d\u2019un [&hellip;]<\/p>\n","protected":false},"author":1,"featured_media":0,"parent":0,"menu_order":0,"comment_status":"closed","ping_status":"closed","template":"","meta":{"site-sidebar-layout":"default","site-content-layout":"","ast-site-content-layout":"","site-content-style":"default","site-sidebar-style":"default","ast-global-header-display":"","ast-banner-title-visibility":"","ast-main-header-display":"","ast-hfb-above-header-display":"","ast-hfb-below-header-display":"","ast-hfb-mobile-header-display":"","site-post-title":"","ast-breadcrumbs-content":"","ast-featured-img":"","footer-sml-layout":"","theme-transparent-header-meta":"","adv-header-id-meta":"","stick-header-meta":"","header-above-stick-meta":"","header-main-stick-meta":"","header-below-stick-meta":"","astra-migrate-meta-layouts":"default","ast-page-background-enabled":"default","ast-page-background-meta":{"desktop":{"background-color":"var(--ast-global-color-4)","background-image":"","background-repeat":"repeat","background-position":"center center","background-size":"auto","background-attachment":"scroll","background-type":"","background-media":"","overlay-type":"","overlay-color":"","overlay-gradient":""},"tablet":{"background-color":"","background-image":"","background-repeat":"repeat","background-position":"center center","background-size":"auto","background-attachment":"scroll","background-type":"","background-media":"","overlay-type":"","overlay-color":"","overlay-gradient":""},"mobile":{"background-color":"","background-image":"","background-repeat":"repeat","background-position":"center center","background-size":"auto","background-attachment":"scroll","background-type":"","background-media":"","overlay-type":"","overlay-color":"","overlay-gradient":""}},"ast-content-background-meta":{"desktop":{"background-color":"var(--ast-global-color-5)","background-image":"","background-repeat":"repeat","background-position":"center center","background-size":"auto","background-attachment":"scroll","background-type":"","background-media":"","overlay-type":"","overlay-color":"","overlay-gradient":""},"tablet":{"background-color":"var(--ast-global-color-5)","background-image":"","background-repeat":"repeat","background-position":"center center","background-size":"auto","background-attachment":"scroll","background-type":"","background-media":"","overlay-type":"","overlay-color":"","overlay-gradient":""},"mobile":{"background-color":"var(--ast-global-color-5)","background-image":"","background-repeat":"repeat","background-position":"center center","background-size":"auto","background-attachment":"scroll","background-type":"","background-media":"","overlay-type":"","overlay-color":"","overlay-gradient":""}},"footnotes":""},"class_list":["post-637","page","type-page","status-publish","hentry"],"_links":{"self":[{"href":"https:\/\/porfolio.jrey.eu\/index.php\/wp-json\/wp\/v2\/pages\/637","targetHints":{"allow":["GET"]}}],"collection":[{"href":"https:\/\/porfolio.jrey.eu\/index.php\/wp-json\/wp\/v2\/pages"}],"about":[{"href":"https:\/\/porfolio.jrey.eu\/index.php\/wp-json\/wp\/v2\/types\/page"}],"author":[{"embeddable":true,"href":"https:\/\/porfolio.jrey.eu\/index.php\/wp-json\/wp\/v2\/users\/1"}],"replies":[{"embeddable":true,"href":"https:\/\/porfolio.jrey.eu\/index.php\/wp-json\/wp\/v2\/comments?post=637"}],"version-history":[{"count":1,"href":"https:\/\/porfolio.jrey.eu\/index.php\/wp-json\/wp\/v2\/pages\/637\/revisions"}],"predecessor-version":[{"id":638,"href":"https:\/\/porfolio.jrey.eu\/index.php\/wp-json\/wp\/v2\/pages\/637\/revisions\/638"}],"wp:attachment":[{"href":"https:\/\/porfolio.jrey.eu\/index.php\/wp-json\/wp\/v2\/media?parent=637"}],"curies":[{"name":"wp","href":"https:\/\/api.w.org\/{rel}","templated":true}]}}