{"id":6,"date":"2024-05-20T15:16:44","date_gmt":"2024-05-20T13:16:44","guid":{"rendered":"http:\/\/porfolio.jrey.eu\/?page_id=6"},"modified":"2025-03-20T13:47:08","modified_gmt":"2025-03-20T12:47:08","slug":"accueil","status":"publish","type":"page","link":"https:\/\/porfolio.jrey.eu\/","title":{"rendered":"Accueil"},"content":{"rendered":"\n<div class=\"wp-block-cover alignfull is-light wp-duotone-unset-1\" style=\"min-height:403px;aspect-ratio:unset;\"><span aria-hidden=\"true\" class=\"wp-block-cover__background has-background-dim\" style=\"background-color:#FFF\"><\/span><video class=\"wp-block-cover__video-background intrinsic-ignore\" autoplay muted loop playsinline src=\"https:\/\/porfolio.jrey.eu\/wp-content\/uploads\/2025\/02\/large.mp4\" data-object-fit=\"cover\"><\/video><div class=\"wp-block-cover__inner-container is-layout-flow wp-block-cover-is-layout-flow\">\n<p class=\"has-text-align-center has-large-font-size\"><strong><mark style=\"background-color:rgba(0, 0, 0, 0)\" class=\"has-inline-color has-ast-global-color-8-color\">Jocelin Rey<\/mark><\/strong><\/p>\n<\/div><\/div>\n\n\n\n<div class=\"wp-block-group alignfull has-ast-global-color-4-background-color has-background is-layout-constrained wp-container-core-group-is-layout-45b0ac4f wp-block-group-is-layout-constrained\" id=\"services\" style=\"padding-top:144px;padding-bottom:0px\">\n<h2 class=\"wp-block-heading has-text-align-center\">Projets<\/h2>\n\n\n\n<div class=\"wp-block-group is-layout-grid wp-container-core-group-is-layout-478b6e6b wp-block-group-is-layout-grid\">\n<figure class=\"wp-block-image size-full\"><a href=\"https:\/\/porfolio.jrey.eu\/index.php\/audite-de-securite-ad\/\"><img loading=\"lazy\" decoding=\"async\" width=\"451\" height=\"451\" src=\"https:\/\/porfolio.jrey.eu\/wp-content\/uploads\/2025\/02\/image-50.png\" alt=\"\" class=\"wp-image-517\" srcset=\"https:\/\/porfolio.jrey.eu\/wp-content\/uploads\/2025\/02\/image-50.png 451w, https:\/\/porfolio.jrey.eu\/wp-content\/uploads\/2025\/02\/image-50-300x300.png 300w, https:\/\/porfolio.jrey.eu\/wp-content\/uploads\/2025\/02\/image-50-150x150.png 150w\" sizes=\"auto, (max-width: 451px) 100vw, 451px\" \/><\/a><figcaption class=\"wp-element-caption\">Audit de l&#8217;AD<\/figcaption><\/figure>\n\n\n\n<figure class=\"wp-block-image size-full\"><a href=\"https:\/\/porfolio.jrey.eu\/index.php\/aws-vpc-ec2\/\"><img loading=\"lazy\" decoding=\"async\" width=\"225\" height=\"225\" src=\"https:\/\/porfolio.jrey.eu\/wp-content\/uploads\/2025\/02\/image-51.png\" alt=\"\" class=\"wp-image-518\" srcset=\"https:\/\/porfolio.jrey.eu\/wp-content\/uploads\/2025\/02\/image-51.png 225w, https:\/\/porfolio.jrey.eu\/wp-content\/uploads\/2025\/02\/image-51-150x150.png 150w\" sizes=\"auto, (max-width: 225px) 100vw, 225px\" \/><\/a><figcaption class=\"wp-element-caption\">Mise en place de VPC<\/figcaption><\/figure>\n\n\n\n<figure class=\"wp-block-image size-full wp-container-content-69bc4bdf\"><a href=\"https:\/\/porfolio.jrey.eu\/index.php\/mise-en-place-de-glpi\/\"><img loading=\"lazy\" decoding=\"async\" width=\"500\" height=\"500\" src=\"https:\/\/porfolio.jrey.eu\/wp-content\/uploads\/2025\/02\/image-42.png\" alt=\"\" class=\"wp-image-508\" srcset=\"https:\/\/porfolio.jrey.eu\/wp-content\/uploads\/2025\/02\/image-42.png 500w, https:\/\/porfolio.jrey.eu\/wp-content\/uploads\/2025\/02\/image-42-300x300.png 300w, https:\/\/porfolio.jrey.eu\/wp-content\/uploads\/2025\/02\/image-42-150x150.png 150w\" sizes=\"auto, (max-width: 500px) 100vw, 500px\" \/><\/a><figcaption class=\"wp-element-caption\">Installation d&#8217;un GLPI<\/figcaption><\/figure>\n\n\n\n<figure class=\"wp-block-image size-full\"><a href=\"https:\/\/porfolio.jrey.eu\/index.php\/configuration-firewall\/\"><img loading=\"lazy\" decoding=\"async\" width=\"860\" height=\"860\" src=\"https:\/\/porfolio.jrey.eu\/wp-content\/uploads\/2025\/02\/image-43.png\" alt=\"\" class=\"wp-image-509\" srcset=\"https:\/\/porfolio.jrey.eu\/wp-content\/uploads\/2025\/02\/image-43.png 860w, https:\/\/porfolio.jrey.eu\/wp-content\/uploads\/2025\/02\/image-43-300x300.png 300w, https:\/\/porfolio.jrey.eu\/wp-content\/uploads\/2025\/02\/image-43-150x150.png 150w, https:\/\/porfolio.jrey.eu\/wp-content\/uploads\/2025\/02\/image-43-768x768.png 768w\" sizes=\"auto, (max-width: 860px) 100vw, 860px\" \/><\/a><figcaption class=\"wp-element-caption\">Configuration FireWall<\/figcaption><\/figure>\n\n\n\n<figure class=\"wp-block-image size-full wp-container-content-69bc4bdf\"><a href=\"https:\/\/porfolio.jrey.eu\/index.php\/test-de-phishing\/\"><img loading=\"lazy\" decoding=\"async\" width=\"826\" height=\"826\" src=\"https:\/\/porfolio.jrey.eu\/wp-content\/uploads\/2025\/02\/image-40.png\" alt=\"\" class=\"wp-image-505\" srcset=\"https:\/\/porfolio.jrey.eu\/wp-content\/uploads\/2025\/02\/image-40.png 826w, https:\/\/porfolio.jrey.eu\/wp-content\/uploads\/2025\/02\/image-40-300x300.png 300w, https:\/\/porfolio.jrey.eu\/wp-content\/uploads\/2025\/02\/image-40-150x150.png 150w, https:\/\/porfolio.jrey.eu\/wp-content\/uploads\/2025\/02\/image-40-768x768.png 768w\" sizes=\"auto, (max-width: 826px) 100vw, 826px\" \/><\/a><figcaption class=\"wp-element-caption\">Test de Phishing<\/figcaption><\/figure>\n<\/div>\n\n\n\n<div class=\"wp-block-group is-layout-grid wp-container-core-group-is-layout-478b6e6b wp-block-group-is-layout-grid\">\n<figure class=\"wp-block-image size-full\"><a href=\"https:\/\/porfolio.jrey.eu\/index.php\/rds\/\"><img loading=\"lazy\" decoding=\"async\" width=\"465\" height=\"465\" src=\"https:\/\/porfolio.jrey.eu\/wp-content\/uploads\/2025\/02\/image-34.png\" alt=\"\" class=\"wp-image-496\" srcset=\"https:\/\/porfolio.jrey.eu\/wp-content\/uploads\/2025\/02\/image-34.png 465w, https:\/\/porfolio.jrey.eu\/wp-content\/uploads\/2025\/02\/image-34-300x300.png 300w, https:\/\/porfolio.jrey.eu\/wp-content\/uploads\/2025\/02\/image-34-150x150.png 150w\" sizes=\"auto, (max-width: 465px) 100vw, 465px\" \/><\/a><figcaption class=\"wp-element-caption\">Mise en place d&#8217;un RDS<\/figcaption><\/figure>\n\n\n\n<figure class=\"wp-block-image size-full wp-container-content-69bc4bdf\"><a href=\"https:\/\/porfolio.jrey.eu\/index.php\/iis\/\"><img loading=\"lazy\" decoding=\"async\" width=\"230\" height=\"219\" src=\"https:\/\/porfolio.jrey.eu\/wp-content\/uploads\/2025\/02\/image-47.png\" alt=\"\" class=\"wp-image-513\"\/><\/a><figcaption class=\"wp-element-caption\">Cr\u00e9ation d&#8217;un IIS<\/figcaption><\/figure>\n\n\n\n<figure class=\"wp-block-image size-full wp-container-content-69bc4bdf\"><a href=\"https:\/\/porfolio.jrey.eu\/index.php\/wsus\/\"><img loading=\"lazy\" decoding=\"async\" width=\"540\" height=\"540\" src=\"https:\/\/porfolio.jrey.eu\/wp-content\/uploads\/2025\/02\/image-36.png\" alt=\"\" class=\"wp-image-500\" srcset=\"https:\/\/porfolio.jrey.eu\/wp-content\/uploads\/2025\/02\/image-36.png 540w, https:\/\/porfolio.jrey.eu\/wp-content\/uploads\/2025\/02\/image-36-300x300.png 300w, https:\/\/porfolio.jrey.eu\/wp-content\/uploads\/2025\/02\/image-36-150x150.png 150w\" sizes=\"auto, (max-width: 540px) 100vw, 540px\" \/><\/a><figcaption class=\"wp-element-caption\">Installation du WSUS<\/figcaption><\/figure>\n\n\n\n<figure class=\"wp-block-image size-full\"><a href=\"https:\/\/porfolio.jrey.eu\/index.php\/srv-lamp\/\"><img loading=\"lazy\" decoding=\"async\" width=\"860\" height=\"860\" src=\"https:\/\/porfolio.jrey.eu\/wp-content\/uploads\/2025\/02\/image-48.png\" alt=\"\" class=\"wp-image-514\" srcset=\"https:\/\/porfolio.jrey.eu\/wp-content\/uploads\/2025\/02\/image-48.png 860w, https:\/\/porfolio.jrey.eu\/wp-content\/uploads\/2025\/02\/image-48-300x300.png 300w, https:\/\/porfolio.jrey.eu\/wp-content\/uploads\/2025\/02\/image-48-150x150.png 150w, https:\/\/porfolio.jrey.eu\/wp-content\/uploads\/2025\/02\/image-48-768x768.png 768w\" sizes=\"auto, (max-width: 860px) 100vw, 860px\" \/><\/a><figcaption class=\"wp-element-caption\">  Configuration SRV LAMP<\/figcaption><\/figure>\n\n\n\n<figure class=\"wp-block-image size-full\"><a href=\"https:\/\/porfolio.jrey.eu\/index.php\/gpo-2\/\"><img loading=\"lazy\" decoding=\"async\" width=\"225\" height=\"225\" src=\"https:\/\/porfolio.jrey.eu\/wp-content\/uploads\/2025\/02\/image-49.png\" alt=\"\" class=\"wp-image-516\" srcset=\"https:\/\/porfolio.jrey.eu\/wp-content\/uploads\/2025\/02\/image-49.png 225w, https:\/\/porfolio.jrey.eu\/wp-content\/uploads\/2025\/02\/image-49-150x150.png 150w\" sizes=\"auto, (max-width: 225px) 100vw, 225px\" \/><\/a><figcaption class=\"wp-element-caption\">Mise en place de GPO<\/figcaption><\/figure>\n<\/div>\n\n\n\n<hr class=\"wp-block-separator has-alpha-channel-opacity is-style-wide\"\/>\n<\/div>\n\n\n\n<div class=\"wp-block-group alignfull has-ast-global-color-5-background-color has-background is-layout-constrained wp-container-core-group-is-layout-94d206d0 wp-block-group-is-layout-constrained\" id=\"about\" style=\"padding-top:143px;padding-bottom:144px\">\n<div class=\"wp-block-media-text has-media-on-the-right is-stacked-on-mobile is-vertically-aligned-center\"><div class=\"wp-block-media-text__content\">\n<div class=\"inherit-container-width wp-block-group is-layout-constrained wp-container-core-group-is-layout-47ce07ec wp-block-group-is-layout-constrained\" style=\"padding-right:80px\">\n<h2 class=\"wp-block-heading alignfull has-text-align-center\" style=\"padding-right:40px\"><strong>Veille technologique \u2013 Stormshield<\/strong><\/h2>\n\n\n\n<p class=\"has-text-align-left\">Un pare-feu Stormshield est une solution de s\u00e9curit\u00e9 avanc\u00e9e qui assure une protection efficace entre un r\u00e9seau interne s\u00e9curis\u00e9 et un r\u00e9seau externe, comme Internet. Il analyse, filtre et contr\u00f4le le trafic entrant et sortant en appliquant des r\u00e8gles de s\u00e9curit\u00e9 strictes, permettant ainsi de bloquer les acc\u00e8s non autoris\u00e9s et de pr\u00e9venir les cyberattaques. Gr\u00e2ce \u00e0 ses fonctionnalit\u00e9s \u00e9volu\u00e9es, telles que l&#8217;inspection approfondie des paquets, la pr\u00e9vention des intrusions et l&#8217;int\u00e9gration de l\u2019intelligence artificielle, Stormshield renforce la r\u00e9silience des infrastructures face aux menaces actuelles et \u00e9mergentes.<\/p>\n\n\n\n<div class=\"wp-block-buttons is-content-justification-left is-layout-flex wp-container-core-buttons-is-layout-f236198a wp-block-buttons-is-layout-flex\">\n<div class=\"wp-block-button\"><a class=\"wp-block-button__link wp-element-button\" href=\"https:\/\/porfolio.jrey.eu\/index.php\/cyber\/\">En savoir plus<\/a><\/div>\n<\/div>\n<\/div>\n<\/div><figure class=\"wp-block-media-text__media\"><img loading=\"lazy\" decoding=\"async\" width=\"500\" height=\"375\" src=\"http:\/\/porfolio.jrey.eu\/wp-content\/uploads\/2024\/07\/giphy-1.webp\" alt=\"\" class=\"wp-image-76 size-full\"\/><\/figure><\/div>\n<\/div>\n\n\n\n<div class=\"wp-block-group alignfull has-ast-global-color-4-background-color has-background is-layout-constrained wp-container-core-group-is-layout-6a2cfb7b wp-block-group-is-layout-constrained\" id=\"reviews\">\n<h2 class=\"wp-block-heading has-text-align-center\">Profil<\/h2>\n\n\n\n<figure class=\"wp-block-image aligncenter size-full is-resized is-style-rounded\"><img loading=\"lazy\" decoding=\"async\" width=\"360\" height=\"362\" src=\"https:\/\/porfolio.jrey.eu\/wp-content\/uploads\/2024\/12\/image-2.png\" alt=\"\" class=\"wp-image-382\" style=\"width:103px;height:auto\" srcset=\"https:\/\/porfolio.jrey.eu\/wp-content\/uploads\/2024\/12\/image-2.png 360w, https:\/\/porfolio.jrey.eu\/wp-content\/uploads\/2024\/12\/image-2-298x300.png 298w, https:\/\/porfolio.jrey.eu\/wp-content\/uploads\/2024\/12\/image-2-150x150.png 150w\" sizes=\"auto, (max-width: 360px) 100vw, 360px\" \/><\/figure>\n\n\n\n<p class=\"has-text-align-center\" style=\"font-size:22px;line-height:1.6\">Bonjour, je suis Jocelin, 19 ans, passionn\u00e9 par les technologies de l&#8217;information. Actuellement en BTS SIO, je m&#8217;efforce d&#8217;acqu\u00e9rir les comp\u00e9tences n\u00e9cessaires pour exceller dans le domaine. \u00c0 la crois\u00e9e des c\u00e2bles et des codes, je suis pr\u00eat \u00e0 relever tous les d\u00e9fis avec s\u00e9rieux et d\u00e9termination.<\/p>\n\n\n\n<div class=\"wp-block-buttons alignwide is-horizontal is-content-justification-center is-layout-flex wp-container-core-buttons-is-layout-bba8380a wp-block-buttons-is-layout-flex\" style=\"margin-top:50px\">\n<div class=\"wp-block-button\"><a class=\"wp-block-button__link wp-element-button\" href=\"https:\/\/porfolio.jrey.eu\/index.php\/info-sur-moi\/\">En savoir plus<\/a><\/div>\n<\/div>\n<\/div>\n\n\n\n<div class=\"wp-block-group alignfull is-layout-constrained wp-container-core-group-is-layout-3fee123f wp-block-group-is-layout-constrained\" id=\"whyus\" style=\"padding-top:144px;padding-bottom:144px\">\n<h3 class=\"wp-block-heading has-text-align-center\">Contrat d&#8217;apprentissage<\/h3>\n\n\n\n<p><\/p>\n\n\n\n<div data-wp-interactive=\"core\/file\" class=\"wp-block-file\"><object data-wp-bind--hidden=\"!state.hasPdfPreview\" hidden class=\"wp-block-file__embed\" data=\"https:\/\/porfolio.jrey.eu\/wp-content\/uploads\/2025\/01\/REY-Jocelin_Engagement.pdf\" type=\"application\/pdf\" style=\"width:100%;height:590px\" aria-label=\"Embed of REY-Jocelin_Engagement.\"><\/object><a id=\"wp-block-file--media-6016f584-f802-476f-bd6e-54a366a47b14\" href=\"https:\/\/porfolio.jrey.eu\/wp-content\/uploads\/2025\/01\/REY-Jocelin_Engagement.pdf\">REY-Jocelin_Engagement<\/a><a href=\"https:\/\/porfolio.jrey.eu\/wp-content\/uploads\/2025\/01\/REY-Jocelin_Engagement.pdf\" class=\"wp-block-file__button wp-element-button\" download aria-describedby=\"wp-block-file--media-6016f584-f802-476f-bd6e-54a366a47b14\">T\u00e9l\u00e9charger<\/a><\/div>\n\n\n\n<div data-wp-interactive=\"core\/file\" class=\"wp-block-file\"><object data-wp-bind--hidden=\"!state.hasPdfPreview\" hidden class=\"wp-block-file__embed\" data=\"https:\/\/porfolio.jrey.eu\/wp-content\/uploads\/2025\/03\/BTS-SIO-Epreuve-E4-Tableau-de-synthese-1-1.pdf\" type=\"application\/pdf\" style=\"width:100%;height:600px\" aria-label=\"Embed of BTS-SIO-Epreuve-E4-Tableau-de-synthese (1).\"><\/object><a id=\"wp-block-file--media-b61f6f03-e023-48b3-8ac9-1079ce64cb76\" href=\"https:\/\/porfolio.jrey.eu\/wp-content\/uploads\/2025\/03\/BTS-SIO-Epreuve-E4-Tableau-de-synthese-1-1.pdf\">BTS-SIO-Epreuve-E4-Tableau-de-synthese (1)<\/a><a href=\"https:\/\/porfolio.jrey.eu\/wp-content\/uploads\/2025\/03\/BTS-SIO-Epreuve-E4-Tableau-de-synthese-1-1.pdf\" class=\"wp-block-file__button wp-element-button\" download aria-describedby=\"wp-block-file--media-b61f6f03-e023-48b3-8ac9-1079ce64cb76\">T\u00e9l\u00e9charger<\/a><\/div>\n<\/div>\n\n\n\n<div class=\"wp-block-group alignfull has-background is-layout-constrained wp-container-core-group-is-layout-cfcca693 wp-block-group-is-layout-constrained\" id=\"contact\" style=\"background:linear-gradient(35deg,rgb(6,0,151) 0%,rgb(130,4,255) 64%,rgb(193,15,255) 98%);padding-top:104px;padding-bottom:104px\">\n<div class=\"wp-block-buttons is-content-justification-center is-layout-flex wp-container-core-buttons-is-layout-a89b3969 wp-block-buttons-is-layout-flex\">\n<div class=\"wp-block-button\"><a class=\"wp-block-button__link wp-element-button\" href=\"https:\/\/porfolio.jrey.eu\/index.php\/politique-de-confidentialite\/\">Mentions L\u00e9gales<\/a><\/div>\n<\/div>\n<\/div>\n\n\n\n<p><\/p>\n","protected":false},"excerpt":{"rendered":"<p>Projets Veille technologique \u2013 Stormshield Un pare-feu Stormshield est une solution de s\u00e9curit\u00e9 avanc\u00e9e qui assure une protection efficace entre [&hellip;]<\/p>\n","protected":false},"author":1,"featured_media":0,"parent":0,"menu_order":0,"comment_status":"closed","ping_status":"closed","template":"","meta":{"site-sidebar-layout":"no-sidebar","site-content-layout":"plain-container","ast-site-content-layout":"","site-content-style":"default","site-sidebar-style":"default","ast-global-header-display":"","ast-banner-title-visibility":"","ast-main-header-display":"","ast-hfb-above-header-display":"","ast-hfb-below-header-display":"","ast-hfb-mobile-header-display":"","site-post-title":"disabled","ast-breadcrumbs-content":"","ast-featured-img":"","footer-sml-layout":"","theme-transparent-header-meta":"enabled","adv-header-id-meta":"","stick-header-meta":"","header-above-stick-meta":"","header-main-stick-meta":"","header-below-stick-meta":"","astra-migrate-meta-layouts":"default","ast-page-background-enabled":"default","ast-page-background-meta":{"desktop":{"background-color":"var(--ast-global-color-4)","background-image":"","background-repeat":"repeat","background-position":"center center","background-size":"auto","background-attachment":"scroll","background-type":"","background-media":"","overlay-type":"","overlay-color":"","overlay-gradient":""},"tablet":{"background-color":"","background-image":"","background-repeat":"repeat","background-position":"center center","background-size":"auto","background-attachment":"scroll","background-type":"","background-media":"","overlay-type":"","overlay-color":"","overlay-gradient":""},"mobile":{"background-color":"","background-image":"","background-repeat":"repeat","background-position":"center center","background-size":"auto","background-attachment":"scroll","background-type":"","background-media":"","overlay-type":"","overlay-color":"","overlay-gradient":""}},"ast-content-background-meta":{"desktop":{"background-color":"var(--ast-global-color-5)","background-image":"","background-repeat":"repeat","background-position":"center center","background-size":"auto","background-attachment":"scroll","background-type":"","background-media":"","overlay-type":"","overlay-color":"","overlay-gradient":""},"tablet":{"background-color":"var(--ast-global-color-5)","background-image":"","background-repeat":"repeat","background-position":"center center","background-size":"auto","background-attachment":"scroll","background-type":"","background-media":"","overlay-type":"","overlay-color":"","overlay-gradient":""},"mobile":{"background-color":"var(--ast-global-color-5)","background-image":"","background-repeat":"repeat","background-position":"center center","background-size":"auto","background-attachment":"scroll","background-type":"","background-media":"","overlay-type":"","overlay-color":"","overlay-gradient":""}},"footnotes":""},"class_list":["post-6","page","type-page","status-publish","hentry"],"_links":{"self":[{"href":"https:\/\/porfolio.jrey.eu\/index.php\/wp-json\/wp\/v2\/pages\/6","targetHints":{"allow":["GET"]}}],"collection":[{"href":"https:\/\/porfolio.jrey.eu\/index.php\/wp-json\/wp\/v2\/pages"}],"about":[{"href":"https:\/\/porfolio.jrey.eu\/index.php\/wp-json\/wp\/v2\/types\/page"}],"author":[{"embeddable":true,"href":"https:\/\/porfolio.jrey.eu\/index.php\/wp-json\/wp\/v2\/users\/1"}],"replies":[{"embeddable":true,"href":"https:\/\/porfolio.jrey.eu\/index.php\/wp-json\/wp\/v2\/comments?post=6"}],"version-history":[{"count":130,"href":"https:\/\/porfolio.jrey.eu\/index.php\/wp-json\/wp\/v2\/pages\/6\/revisions"}],"predecessor-version":[{"id":690,"href":"https:\/\/porfolio.jrey.eu\/index.php\/wp-json\/wp\/v2\/pages\/6\/revisions\/690"}],"wp:attachment":[{"href":"https:\/\/porfolio.jrey.eu\/index.php\/wp-json\/wp\/v2\/media?parent=6"}],"curies":[{"name":"wp","href":"https:\/\/api.w.org\/{rel}","templated":true}]}}